{"id":5,"date":"2022-10-28T15:12:22","date_gmt":"2022-10-28T13:12:22","guid":{"rendered":"https:\/\/famille.aapise.fr\/wordpress\/?page_id=5"},"modified":"2022-12-27T16:35:00","modified_gmt":"2022-12-27T15:35:00","slug":"accueil","status":"publish","type":"page","link":"https:\/\/famille.aapise.fr\/wordpress\/","title":{"rendered":"Accueil"},"content":{"rendered":"<p>[et_pb_section fb_built=\u00a0\u00bb1&Prime; _builder_version=\u00a0\u00bb4.18.1&Prime; _module_preset=\u00a0\u00bbdefault\u00a0\u00bb background_color=\u00a0\u00bb#EAEDED\u00a0\u00bb bottom_divider_style=\u00a0\u00bbasymmetric\u00a0\u00bb bottom_divider_color=\u00a0\u00bb#FFFFFF\u00a0\u00bb animation_style=\u00a0\u00bbslide\u00a0\u00bb animation_direction=\u00a0\u00bbtop\u00a0\u00bb global_colors_info=\u00a0\u00bb{}\u00a0\u00bb][et_pb_row _builder_version=\u00a0\u00bb4.17.0&Prime; _module_preset=\u00a0\u00bbdefault\u00a0\u00bb global_colors_info=\u00a0\u00bb{}\u00a0\u00bb][et_pb_column type=\u00a0\u00bb4_4&Prime; _builder_version=\u00a0\u00bb4.17.0&Prime; _module_preset=\u00a0\u00bbdefault\u00a0\u00bb global_colors_info=\u00a0\u00bb{}\u00a0\u00bb][et_pb_text _builder_version=\u00a0\u00bb4.18.1&Prime; _module_preset=\u00a0\u00bbdefault\u00a0\u00bb header_font=\u00a0\u00bb|800||on|||||\u00a0\u00bb header_text_align=\u00a0\u00bbright\u00a0\u00bb header_text_color=\u00a0\u00bb#C70039&Prime; header_font_size=\u00a0\u00bb50px\u00a0\u00bb global_colors_info=\u00a0\u00bb{}\u00a0\u00bb]<\/p>\n<h1>Accueil<\/h1>\n<p>[\/et_pb_text][\/et_pb_column][\/et_pb_row][\/et_pb_section][et_pb_section fb_built=\u00a0\u00bb1&Prime; _builder_version=\u00a0\u00bb4.18.1&Prime; _module_preset=\u00a0\u00bbdefault\u00a0\u00bb global_colors_info=\u00a0\u00bb{}\u00a0\u00bb][et_pb_row _builder_version=\u00a0\u00bb4.18.1&Prime; _module_preset=\u00a0\u00bbdefault\u00a0\u00bb global_colors_info=\u00a0\u00bb{}\u00a0\u00bb][et_pb_column type=\u00a0\u00bb4_4&Prime; _builder_version=\u00a0\u00bb4.18.1&Prime; _module_preset=\u00a0\u00bbdefault\u00a0\u00bb global_colors_info=\u00a0\u00bb{}\u00a0\u00bb][et_pb_image src=\u00a0\u00bbhttps:\/\/famille.aapise.fr\/wordpress\/wp-content\/uploads\/2022\/11\/aapise_blog.jpg\u00a0\u00bb title_text=\u00a0\u00bbaapise_blog\u00a0\u00bb align=\u00a0\u00bbcenter\u00a0\u00bb _builder_version=\u00a0\u00bb4.18.1&Prime; _module_preset=\u00a0\u00bbdefault\u00a0\u00bb transform_scale=\u00a0\u00bb80%|80%\u00a0\u00bb transform_translate=\u00a0\u00bb-3px|-3px\u00a0\u00bb custom_margin=\u00a0\u00bb-70px||||false|false\u00a0\u00bb animation_style=\u00a0\u00bbfade\u00a0\u00bb global_colors_info=\u00a0\u00bb{}\u00a0\u00bb][\/et_pb_image][et_pb_text _builder_version=\u00a0\u00bb4.19.0&Prime; _module_preset=\u00a0\u00bbdefault\u00a0\u00bb text_font_size=\u00a0\u00bb20px\u00a0\u00bb text_line_height=\u00a0\u00bb1.8em\u00a0\u00bb header_font=\u00a0\u00bb|700||on|||||\u00a0\u00bb header_text_align=\u00a0\u00bbcenter\u00a0\u00bb header_text_color=\u00a0\u00bb#c70039&Prime; header_font_size=\u00a0\u00bb28px\u00a0\u00bb text_orientation=\u00a0\u00bbcenter\u00a0\u00bb custom_margin=\u00a0\u00bb-26px||||false|false\u00a0\u00bb animation_style=\u00a0\u00bbfade\u00a0\u00bb animation_delay=\u00a0\u00bb500ms\u00a0\u00bb global_colors_info=\u00a0\u00bb{}\u00a0\u00bb]<\/p>\n<h1>Bienvenue sur le Blog de l&rsquo;AAPISE<\/h1>\n<p>[\/et_pb_text][et_pb_text _builder_version=\u00a0\u00bb4.19.0&Prime; _module_preset=\u00a0\u00bbdefault\u00a0\u00bb text_font_size=\u00a0\u00bb18px\u00a0\u00bb text_line_height=\u00a0\u00bb1.9em\u00a0\u00bb text_orientation=\u00a0\u00bbcenter\u00a0\u00bb custom_margin=\u00a0\u00bb||90px||false|false\u00a0\u00bb animation_style=\u00a0\u00bbslide\u00a0\u00bb animation_direction=\u00a0\u00bbbottom\u00a0\u00bb global_colors_info=\u00a0\u00bb{}\u00a0\u00bb]<\/p>\n<p style=\"text-align: justify;\">Cet espace \u00e0 destination des familles et des personnes accompagn\u00e9es a \u00e9t\u00e9 cr\u00e9\u00e9 pour vous permettre de suivre l\u2019actualit\u00e9 de votre structure d\u2019accueil (informations diverses, \u00e9v\u00e9nements, sorties, rencontres festives&#8230;) et d\u2019acc\u00e9der aux derniers comptes-rendus du Conseil de la Vie Sociale.<\/p>\n<p style=\"text-align: justify;\">En cas de publication de films ou de photographies, un formulaire d\u2019autorisation de droit \u00e0 l\u2019image devra pr\u00e9alablement \u00eatre compl\u00e9t\u00e9 et sign\u00e9 par la personne concern\u00e9e et\/ou son repr\u00e9sentant l\u00e9gal. Dans un souci de protection des donn\u00e9es, tous les contenus figurant sur ce site seront supprim\u00e9s en chaque d\u00e9but d\u2019ann\u00e9e pour laisser place \u00e0 de nouvelles actualit\u00e9s.<\/p>\n<p style=\"text-align: justify;\"><em><strong>Pour acc\u00e9der au contenu de cette page, s\u00e9lectionnez la structure concern\u00e9e dans l\u2019onglet \u00ab Etablissements et services \u00bb et renseignez le mot de passe confidentiel fourni chaque ann\u00e9e par la direction.<\/strong><\/em><\/p>\n<p style=\"text-align: justify;\">Pour les \u00e9tablissements proposant une offre de restauration collective, un autre onglet situ\u00e9 en haut \u00e0 droite vous permettra d\u2019acc\u00e9der aux menus servis tout au long de la semaine.<\/p>\n<p style=\"text-align: justify;\">En vous souhaitant une bonne navigation&#8230;<\/p>\n<p style=\"text-align: justify;\">\n<p>[\/et_pb_text][\/et_pb_column][\/et_pb_row][\/et_pb_section]<\/p>\n","protected":false},"excerpt":{"rendered":"<p>AccueilBienvenue sur le Blog de l&rsquo;AAPISECet espace \u00e0 destination des familles et des personnes accompagn\u00e9es a \u00e9t\u00e9 cr\u00e9\u00e9 pour vous permettre de suivre l\u2019actualit\u00e9 de votre structure d\u2019accueil (informations diverses, \u00e9v\u00e9nements, sorties, rencontres festives&#8230;) et d\u2019acc\u00e9der aux derniers comptes-rendus du Conseil de la Vie Sociale. En cas de publication de films ou de photographies, un [&hellip;]<\/p>\n","protected":false},"author":1,"featured_media":0,"parent":0,"menu_order":0,"comment_status":"closed","ping_status":"closed","template":"","meta":{"_et_pb_use_builder":"on","_et_pb_old_content":"","_et_gb_content_width":"1080","footnotes":""},"class_list":["post-5","page","type-page","status-publish","hentry"],"_links":{"self":[{"href":"https:\/\/famille.aapise.fr\/wordpress\/wp-json\/wp\/v2\/pages\/5","targetHints":{"allow":["GET"]}}],"collection":[{"href":"https:\/\/famille.aapise.fr\/wordpress\/wp-json\/wp\/v2\/pages"}],"about":[{"href":"https:\/\/famille.aapise.fr\/wordpress\/wp-json\/wp\/v2\/types\/page"}],"author":[{"embeddable":true,"href":"https:\/\/famille.aapise.fr\/wordpress\/wp-json\/wp\/v2\/users\/1"}],"replies":[{"embeddable":true,"href":"https:\/\/famille.aapise.fr\/wordpress\/wp-json\/wp\/v2\/comments?post=5"}],"version-history":[{"count":16,"href":"https:\/\/famille.aapise.fr\/wordpress\/wp-json\/wp\/v2\/pages\/5\/revisions"}],"predecessor-version":[{"id":3035,"href":"https:\/\/famille.aapise.fr\/wordpress\/wp-json\/wp\/v2\/pages\/5\/revisions\/3035"}],"wp:attachment":[{"href":"https:\/\/famille.aapise.fr\/wordpress\/wp-json\/wp\/v2\/media?parent=5"}],"curies":[{"name":"wp","href":"https:\/\/api.w.org\/{rel}","templated":true}]}}